{"id":593,"date":"2022-11-15T07:57:06","date_gmt":"2022-11-15T06:57:06","guid":{"rendered":"https:\/\/nextbike-live.pluspol-networks.de\/biciarteixo\/derecho-de-desistimiento\/"},"modified":"2023-05-23T13:51:41","modified_gmt":"2023-05-23T11:51:41","slug":"dereito-de-desistimento","status":"publish","type":"page","link":"https:\/\/www.biciarteixo.com\/gl\/dereito-de-desistimento\/","title":{"rendered":"Dereito de desistimento"},"content":{"rendered":"<div class=\"wpb-content-wrapper\"><p>[vc_row][vc_column][vc_column_text]<h1>Instruci\u00f3ns para exercer o dereito de desistimento<\/h1>\n<p><strong>Dereito de desistimento<\/strong><br \/>\nO dereito de desistimento do contrato \u00e9 a facultade do usuario de deixar sen efecto o<br \/>\ncontrato celebrado.<\/p>\n<p>O usuario ten dereito a desistir deste contrato nun prazo de 14 d\u00edas sen necesidade de<br \/>\nxustificaci\u00f3n se non fixera uso do servizo. Se ao contratar o servizo, o usuario utiliza o<br \/>\nmesmo, perder\u00e1 o dereito de desistimento automaticamente e non ter\u00e1 dereito a<br \/>\ndevoluci\u00f3n. O prazo de desistimento expirar\u00e1 aos 14 d\u00edas dende a celebraci\u00f3n do<br \/>\ncontrato.<\/p>\n<p>Para exercer o dereito de desistimento, debe informarnos da s\u00faa decisi\u00f3n de deixar sen<br \/>\nefectos o contrato mediante unha declaraci\u00f3n inequ\u00edvoca (por exemplo, unha carta<br \/>\nenviada por correo postal ou correo electr\u00f3nico) dirixida a SERVIZOS URBANOS<br \/>\nMUNICIPAIS DE ARTEIXO S.A., Oficinas en Traves\u00eda de Arteixo, 249, 2\u00ba, 15142<br \/>\nArteixo, A Coru\u00f1a, tel\u00e9fono +34 638271990, email: biciarteixo@sumarte.gal. Para<br \/>\ncumprir co prazo de desistimento, \u00e9 suficiente que env\u00ede a s\u00faa comunicaci\u00f3n relativa ao<br \/>\nseu exercicio do dereito de desistimento antes de que remate o prazo de desistimento.<\/p>\n<p><strong>Efectos do desistimento<\/strong><br \/>\nSe deixa sen efectos este contrato, reembolsar\u00e9moslle todos os pagos recibidos de<br \/>\nvostede, sen indebida demora e, en calquera caso, no prazo de 14 d\u00edas a partir do d\u00eda<br \/>\nen que se nos informe sobre a s\u00faa decisi\u00f3n de desistir deste contrato. Realizaremos<br \/>\ndito reembolso utilizando os mesmos medios de pago que usou para a transacci\u00f3n<br \/>\ninicial, a menos que acordase expresamente o contrario; en calquera caso, non incorrer\u00e1<br \/>\nen ningunha tarifa como resultado de dito reembolso. Se solicitou o reembolso<br \/>\nexercendo o dereito de desistimento despois de realizar un uso ou utilizaci\u00f3n do servizo,<br \/>\nnon ter\u00e1 dereito a reembolso nin desistimento do contrato.<\/p>\n<a aria-label=\"Abre nunha nova lapela\" href=\"https:\/\/www.biciarteixo.com\/wp-content\/uploads\/sites\/61\/2023\/06\/FormularioDesistimiento_Gallego_6-23.pdf\" target=\"_blank\" class=\"ppi_withdrawal_download_link\"><strong>Descargue aqu\u00ed un modelo de formulario de cancelaci\u00f3n.<\/strong><\/a>[\/vc_column_text][\/vc_column][\/vc_row]<\/p>\n<\/div>","protected":false},"excerpt":{"rendered":"<p>[vc_row][vc_column][vc_column_text][\/vc_column_text][\/vc_column][\/vc_row]<\/p>\n","protected":false},"author":5,"featured_media":0,"parent":0,"menu_order":0,"comment_status":"closed","ping_status":"closed","template":"","meta":{"_acf_changed":false,"inline_featured_image":false,"footnotes":""},"class_list":["post-593","page","type-page","status-publish","hentry"],"acf":[],"yoast_head":"<!-- This site is optimized with the Yoast SEO plugin v27.2 - https:\/\/yoast.com\/product\/yoast-seo-wordpress\/ -->\n<title>Dereito de desistimento - Biciarteixo<\/title>\n<meta name=\"robots\" content=\"index, follow, max-snippet:-1, max-image-preview:large, max-video-preview:-1\" \/>\n<link rel=\"canonical\" href=\"https:\/\/www.biciarteixo.com\/gl\/dereito-de-desistimento\/\" \/>\n<meta property=\"og:locale\" content=\"gl_ES\" \/>\n<meta property=\"og:type\" content=\"article\" \/>\n<meta property=\"og:title\" content=\"Dereito de desistimento - Biciarteixo\" \/>\n<meta property=\"og:description\" content=\"[vc_row][vc_column][vc_column_text][\/vc_column_text][\/vc_column][\/vc_row]\" \/>\n<meta property=\"og:url\" content=\"https:\/\/www.biciarteixo.com\/gl\/dereito-de-desistimento\/\" \/>\n<meta property=\"og:site_name\" content=\"Biciarteixo\" \/>\n<meta property=\"article:modified_time\" content=\"2023-05-23T11:51:41+00:00\" \/>\n<meta name=\"twitter:card\" content=\"summary_large_image\" \/>\n<meta name=\"twitter:label1\" content=\"Tempo de lectura\" \/>\n\t<meta name=\"twitter:data1\" content=\"1 minuto\" \/>\n<script type=\"application\/ld+json\" class=\"yoast-schema-graph\">{\"@context\":\"https:\/\/schema.org\",\"@graph\":[{\"@type\":\"WebPage\",\"@id\":\"https:\/\/www.biciarteixo.com\/gl\/dereito-de-desistimento\/\",\"url\":\"https:\/\/www.biciarteixo.com\/gl\/dereito-de-desistimento\/\",\"name\":\"Dereito de desistimento - Biciarteixo\",\"isPartOf\":{\"@id\":\"https:\/\/www.biciarteixo.com\/gl\/#website\"},\"datePublished\":\"2022-11-15T06:57:06+00:00\",\"dateModified\":\"2023-05-23T11:51:41+00:00\",\"breadcrumb\":{\"@id\":\"https:\/\/www.biciarteixo.com\/gl\/dereito-de-desistimento\/#breadcrumb\"},\"inLanguage\":\"gl-ES\",\"potentialAction\":[{\"@type\":\"ReadAction\",\"target\":[\"https:\/\/www.biciarteixo.com\/gl\/dereito-de-desistimento\/\"]}]},{\"@type\":\"BreadcrumbList\",\"@id\":\"https:\/\/www.biciarteixo.com\/gl\/dereito-de-desistimento\/#breadcrumb\",\"itemListElement\":[{\"@type\":\"ListItem\",\"position\":1,\"name\":\"Startseite\",\"item\":\"https:\/\/www.biciarteixo.com\/gl\/\"},{\"@type\":\"ListItem\",\"position\":2,\"name\":\"Dereito de desistimento\"}]},{\"@type\":\"WebSite\",\"@id\":\"https:\/\/www.biciarteixo.com\/gl\/#website\",\"url\":\"https:\/\/www.biciarteixo.com\/gl\/\",\"name\":\"Biciarteixo\",\"description\":\"\",\"potentialAction\":[{\"@type\":\"SearchAction\",\"target\":{\"@type\":\"EntryPoint\",\"urlTemplate\":\"https:\/\/www.biciarteixo.com\/gl\/?s={search_term_string}\"},\"query-input\":{\"@type\":\"PropertyValueSpecification\",\"valueRequired\":true,\"valueName\":\"search_term_string\"}}],\"inLanguage\":\"gl-ES\"}]}<\/script>\n<!-- \/ Yoast SEO plugin. -->","yoast_head_json":{"title":"Dereito de desistimento - Biciarteixo","robots":{"index":"index","follow":"follow","max-snippet":"max-snippet:-1","max-image-preview":"max-image-preview:large","max-video-preview":"max-video-preview:-1"},"canonical":"https:\/\/www.biciarteixo.com\/gl\/dereito-de-desistimento\/","og_locale":"gl_ES","og_type":"article","og_title":"Dereito de desistimento - Biciarteixo","og_description":"[vc_row][vc_column][vc_column_text][\/vc_column_text][\/vc_column][\/vc_row]","og_url":"https:\/\/www.biciarteixo.com\/gl\/dereito-de-desistimento\/","og_site_name":"Biciarteixo","article_modified_time":"2023-05-23T11:51:41+00:00","twitter_card":"summary_large_image","twitter_misc":{"Tempo de lectura":"1 minuto"},"schema":{"@context":"https:\/\/schema.org","@graph":[{"@type":"WebPage","@id":"https:\/\/www.biciarteixo.com\/gl\/dereito-de-desistimento\/","url":"https:\/\/www.biciarteixo.com\/gl\/dereito-de-desistimento\/","name":"Dereito de desistimento - Biciarteixo","isPartOf":{"@id":"https:\/\/www.biciarteixo.com\/gl\/#website"},"datePublished":"2022-11-15T06:57:06+00:00","dateModified":"2023-05-23T11:51:41+00:00","breadcrumb":{"@id":"https:\/\/www.biciarteixo.com\/gl\/dereito-de-desistimento\/#breadcrumb"},"inLanguage":"gl-ES","potentialAction":[{"@type":"ReadAction","target":["https:\/\/www.biciarteixo.com\/gl\/dereito-de-desistimento\/"]}]},{"@type":"BreadcrumbList","@id":"https:\/\/www.biciarteixo.com\/gl\/dereito-de-desistimento\/#breadcrumb","itemListElement":[{"@type":"ListItem","position":1,"name":"Startseite","item":"https:\/\/www.biciarteixo.com\/gl\/"},{"@type":"ListItem","position":2,"name":"Dereito de desistimento"}]},{"@type":"WebSite","@id":"https:\/\/www.biciarteixo.com\/gl\/#website","url":"https:\/\/www.biciarteixo.com\/gl\/","name":"Biciarteixo","description":"","potentialAction":[{"@type":"SearchAction","target":{"@type":"EntryPoint","urlTemplate":"https:\/\/www.biciarteixo.com\/gl\/?s={search_term_string}"},"query-input":{"@type":"PropertyValueSpecification","valueRequired":true,"valueName":"search_term_string"}}],"inLanguage":"gl-ES"}]}},"_links":{"self":[{"href":"https:\/\/www.biciarteixo.com\/gl\/wp-json\/wp\/v2\/pages\/593","targetHints":{"allow":["GET"]}}],"collection":[{"href":"https:\/\/www.biciarteixo.com\/gl\/wp-json\/wp\/v2\/pages"}],"about":[{"href":"https:\/\/www.biciarteixo.com\/gl\/wp-json\/wp\/v2\/types\/page"}],"author":[{"embeddable":true,"href":"https:\/\/www.biciarteixo.com\/gl\/wp-json\/wp\/v2\/users\/5"}],"replies":[{"embeddable":true,"href":"https:\/\/www.biciarteixo.com\/gl\/wp-json\/wp\/v2\/comments?post=593"}],"version-history":[{"count":6,"href":"https:\/\/www.biciarteixo.com\/gl\/wp-json\/wp\/v2\/pages\/593\/revisions"}],"predecessor-version":[{"id":789,"href":"https:\/\/www.biciarteixo.com\/gl\/wp-json\/wp\/v2\/pages\/593\/revisions\/789"}],"wp:attachment":[{"href":"https:\/\/www.biciarteixo.com\/gl\/wp-json\/wp\/v2\/media?parent=593"}],"curies":[{"name":"wp","href":"https:\/\/api.w.org\/{rel}","templated":true}]}}