{"id":97,"date":"2022-11-15T07:57:06","date_gmt":"2022-11-15T06:57:06","guid":{"rendered":"https:\/\/nextbike-live.pluspol-networks.de\/bicimislata\/widerrufsbelehrung\/"},"modified":"2023-05-23T13:52:07","modified_gmt":"2023-05-23T11:52:07","slug":"derecho-de-desistimiento","status":"publish","type":"page","link":"https:\/\/www.biciarteixo.com\/es\/derecho-de-desistimiento\/","title":{"rendered":"Derecho de desistimiento"},"content":{"rendered":"<div class=\"wpb-content-wrapper\"><p>[vc_row][vc_column][vc_column_text]<h1>Instrucciones para ejercer el derecho de desistimiento<\/h1>\n<p><strong>Derecho de desistimiento<\/strong><br \/>\nEl derecho de desistimiento del contrato es la facultad del usuario de dejar sin efecto el<br \/>\ncontrato celebrado.<\/p>\n<p>El usuario tiene derecho a desistir de este contrato en un plazo de 14 d\u00edas sin necesidad<br \/>\nde justificaci\u00f3n si no ha hecho uso del servicio. Si al contratar el servicio, el usuario<br \/>\nutiliza el mismo, perder\u00e1 el derecho de desistimiento autom\u00e1ticamente y no tendr\u00e1<br \/>\nderecho a devoluci\u00f3n. El plazo de desistimiento expirar\u00e1 a los 14 d\u00edas desde la<br \/>\ncelebraci\u00f3n del contrato.<\/p>\n<p>Para ejercer el derecho de desistimiento, debe informarnos de su decisi\u00f3n de dejar sin<br \/>\nefectos el contrato mediante una declaraci\u00f3n inequ\u00edvoca (por ejemplo, una carta enviada<br \/>\npor correo postal o correo electr\u00f3nico) dirigida a SERVIZOS URBANOS MUNICIPAIS<br \/>\nDE ARTEIXO S.A., Oficinas en Traves\u00eda de Arteixo, 249, 2\u00ba, 15142 Arteixo, A Coru\u00f1a,<br \/>\ntel\u00e9fono +34 638271990, email: biciarteixo@sumarte.gal. Para cumplir con el plazo de<br \/>\ndesistimiento, es suficiente que env\u00ede su comunicaci\u00f3n relativa a su ejercicio del derecho<br \/>\nde desistimiento antes de que finalice el plazo de desistimiento.<\/p>\n<p><strong>Efectos del desistimiento<\/strong><br \/>\nSi deja sin efectos este contrato, le reembolsaremos todos los pagos recibidos de usted,<br \/>\nsin indebida demora y, en cualquier caso, en el plazo de 14 d\u00edas a partir del d\u00eda en que<br \/>\nse nos informe sobre su decisi\u00f3n de desistir de este contrato. Realizaremos dicho<br \/>\nreembolso utilizando los mismos medios de pago que us\u00f3 para la transacci\u00f3n inicial, a<br \/>\nmenos que haya acordado expresamente lo contrario; en cualquier caso, no incurrir\u00e1 en<br \/>\nninguna tarifa como resultado de dicho reembolso. Si solicit\u00f3 el reembolso ejerciendo el<br \/>\nderecho de desistimiento despu\u00e9s de haber realizado un uso o utilizaci\u00f3n del servicio,<br \/>\nno tendr\u00e1 derecho a reembolso ni desistimiento del contrato.<\/p>\n<a aria-label=\"Se abre en una nueva pesta\u00f1a\" href=\"https:\/\/www.biciarteixo.com\/wp-content\/uploads\/sites\/61\/2023\/06\/FormularioDesistimiento_Espanol_6-23.pdf\" target=\"_blank\" class=\"ppi_withdrawal_download_link\"><strong>Descargue aqu\u00ed un modelo de formulario de cancelaci\u00f3n.<\/strong><\/a>[\/vc_column_text][\/vc_column][\/vc_row]<\/p>\n<\/div>","protected":false},"excerpt":{"rendered":"<p>[vc_row][vc_column][vc_column_text][\/vc_column_text][\/vc_column][\/vc_row]<\/p>\n","protected":false},"author":5,"featured_media":0,"parent":0,"menu_order":0,"comment_status":"closed","ping_status":"closed","template":"","meta":{"_acf_changed":false,"inline_featured_image":false,"footnotes":""},"class_list":["post-97","page","type-page","status-publish","hentry"],"acf":[],"yoast_head":"<!-- This site is optimized with the Yoast SEO plugin v27.2 - https:\/\/yoast.com\/product\/yoast-seo-wordpress\/ -->\n<title>Derecho de desistimiento - Biciarteixo<\/title>\n<meta name=\"robots\" content=\"index, follow, max-snippet:-1, max-image-preview:large, max-video-preview:-1\" \/>\n<link rel=\"canonical\" href=\"https:\/\/www.biciarteixo.com\/es\/derecho-de-desistimiento\/\" \/>\n<meta property=\"og:locale\" content=\"es_ES\" \/>\n<meta property=\"og:type\" content=\"article\" \/>\n<meta property=\"og:title\" content=\"Derecho de desistimiento - Biciarteixo\" \/>\n<meta property=\"og:description\" content=\"[vc_row][vc_column][vc_column_text][\/vc_column_text][\/vc_column][\/vc_row]\" \/>\n<meta property=\"og:url\" content=\"https:\/\/www.biciarteixo.com\/es\/derecho-de-desistimiento\/\" \/>\n<meta property=\"og:site_name\" content=\"Biciarteixo\" \/>\n<meta property=\"article:modified_time\" content=\"2023-05-23T11:52:07+00:00\" \/>\n<meta name=\"twitter:card\" content=\"summary_large_image\" \/>\n<meta name=\"twitter:label1\" content=\"Tiempo de lectura\" \/>\n\t<meta name=\"twitter:data1\" content=\"1 minuto\" \/>\n<script type=\"application\/ld+json\" class=\"yoast-schema-graph\">{\"@context\":\"https:\/\/schema.org\",\"@graph\":[{\"@type\":\"WebPage\",\"@id\":\"https:\/\/www.biciarteixo.com\/es\/derecho-de-desistimiento\/\",\"url\":\"https:\/\/www.biciarteixo.com\/es\/derecho-de-desistimiento\/\",\"name\":\"Derecho de desistimiento - Biciarteixo\",\"isPartOf\":{\"@id\":\"https:\/\/www.biciarteixo.com\/es\/#website\"},\"datePublished\":\"2022-11-15T06:57:06+00:00\",\"dateModified\":\"2023-05-23T11:52:07+00:00\",\"breadcrumb\":{\"@id\":\"https:\/\/www.biciarteixo.com\/es\/derecho-de-desistimiento\/#breadcrumb\"},\"inLanguage\":\"es\",\"potentialAction\":[{\"@type\":\"ReadAction\",\"target\":[\"https:\/\/www.biciarteixo.com\/es\/derecho-de-desistimiento\/\"]}]},{\"@type\":\"BreadcrumbList\",\"@id\":\"https:\/\/www.biciarteixo.com\/es\/derecho-de-desistimiento\/#breadcrumb\",\"itemListElement\":[{\"@type\":\"ListItem\",\"position\":1,\"name\":\"Startseite\",\"item\":\"https:\/\/www.biciarteixo.com\/es\/\"},{\"@type\":\"ListItem\",\"position\":2,\"name\":\"Derecho de desistimiento\"}]},{\"@type\":\"WebSite\",\"@id\":\"https:\/\/www.biciarteixo.com\/es\/#website\",\"url\":\"https:\/\/www.biciarteixo.com\/es\/\",\"name\":\"Biciarteixo\",\"description\":\"\",\"potentialAction\":[{\"@type\":\"SearchAction\",\"target\":{\"@type\":\"EntryPoint\",\"urlTemplate\":\"https:\/\/www.biciarteixo.com\/es\/?s={search_term_string}\"},\"query-input\":{\"@type\":\"PropertyValueSpecification\",\"valueRequired\":true,\"valueName\":\"search_term_string\"}}],\"inLanguage\":\"es\"}]}<\/script>\n<!-- \/ Yoast SEO plugin. -->","yoast_head_json":{"title":"Derecho de desistimiento - Biciarteixo","robots":{"index":"index","follow":"follow","max-snippet":"max-snippet:-1","max-image-preview":"max-image-preview:large","max-video-preview":"max-video-preview:-1"},"canonical":"https:\/\/www.biciarteixo.com\/es\/derecho-de-desistimiento\/","og_locale":"es_ES","og_type":"article","og_title":"Derecho de desistimiento - Biciarteixo","og_description":"[vc_row][vc_column][vc_column_text][\/vc_column_text][\/vc_column][\/vc_row]","og_url":"https:\/\/www.biciarteixo.com\/es\/derecho-de-desistimiento\/","og_site_name":"Biciarteixo","article_modified_time":"2023-05-23T11:52:07+00:00","twitter_card":"summary_large_image","twitter_misc":{"Tiempo de lectura":"1 minuto"},"schema":{"@context":"https:\/\/schema.org","@graph":[{"@type":"WebPage","@id":"https:\/\/www.biciarteixo.com\/es\/derecho-de-desistimiento\/","url":"https:\/\/www.biciarteixo.com\/es\/derecho-de-desistimiento\/","name":"Derecho de desistimiento - Biciarteixo","isPartOf":{"@id":"https:\/\/www.biciarteixo.com\/es\/#website"},"datePublished":"2022-11-15T06:57:06+00:00","dateModified":"2023-05-23T11:52:07+00:00","breadcrumb":{"@id":"https:\/\/www.biciarteixo.com\/es\/derecho-de-desistimiento\/#breadcrumb"},"inLanguage":"es","potentialAction":[{"@type":"ReadAction","target":["https:\/\/www.biciarteixo.com\/es\/derecho-de-desistimiento\/"]}]},{"@type":"BreadcrumbList","@id":"https:\/\/www.biciarteixo.com\/es\/derecho-de-desistimiento\/#breadcrumb","itemListElement":[{"@type":"ListItem","position":1,"name":"Startseite","item":"https:\/\/www.biciarteixo.com\/es\/"},{"@type":"ListItem","position":2,"name":"Derecho de desistimiento"}]},{"@type":"WebSite","@id":"https:\/\/www.biciarteixo.com\/es\/#website","url":"https:\/\/www.biciarteixo.com\/es\/","name":"Biciarteixo","description":"","potentialAction":[{"@type":"SearchAction","target":{"@type":"EntryPoint","urlTemplate":"https:\/\/www.biciarteixo.com\/es\/?s={search_term_string}"},"query-input":{"@type":"PropertyValueSpecification","valueRequired":true,"valueName":"search_term_string"}}],"inLanguage":"es"}]}},"_links":{"self":[{"href":"https:\/\/www.biciarteixo.com\/es\/wp-json\/wp\/v2\/pages\/97","targetHints":{"allow":["GET"]}}],"collection":[{"href":"https:\/\/www.biciarteixo.com\/es\/wp-json\/wp\/v2\/pages"}],"about":[{"href":"https:\/\/www.biciarteixo.com\/es\/wp-json\/wp\/v2\/types\/page"}],"author":[{"embeddable":true,"href":"https:\/\/www.biciarteixo.com\/es\/wp-json\/wp\/v2\/users\/5"}],"replies":[{"embeddable":true,"href":"https:\/\/www.biciarteixo.com\/es\/wp-json\/wp\/v2\/comments?post=97"}],"version-history":[{"count":5,"href":"https:\/\/www.biciarteixo.com\/es\/wp-json\/wp\/v2\/pages\/97\/revisions"}],"predecessor-version":[{"id":791,"href":"https:\/\/www.biciarteixo.com\/es\/wp-json\/wp\/v2\/pages\/97\/revisions\/791"}],"wp:attachment":[{"href":"https:\/\/www.biciarteixo.com\/es\/wp-json\/wp\/v2\/media?parent=97"}],"curies":[{"name":"wp","href":"https:\/\/api.w.org\/{rel}","templated":true}]}}